{"id":4,"date":"2017-10-30T08:46:53","date_gmt":"2017-10-30T08:46:53","guid":{"rendered":"http:\/\/demo.safirtema.com\/atlas\/?page_id=4"},"modified":"2024-05-27T09:41:54","modified_gmt":"2024-05-27T09:41:54","slug":"contact-us","status":"publish","type":"page","link":"https:\/\/www.mefe.com.tr\/tr\/change-parts\/contact-us\/","title":{"rendered":"Contact Us"},"content":{"rendered":"<div class=\"wp-block-image\">\n<figure class=\"alignleft is-resized\"><img decoding=\"async\" src=\"https:\/\/www.mefe1.com\/wp-content\/uploads\/2021\/05\/mefe-300x128.jpg\" alt=\"\" class=\"wp-image-309\" style=\"width:232px;height:99px\"\/><\/figure><\/div>\n\n\n<p><p><strong>MEFE MAKINA M\u00dcHEND\u0130SL\u0130K SAN. VE T\u0130C. LTD. \u015eT\u0130<\/strong><br>Hatip Mah. Akasma sok. Via West 5 sanayi sitesi G3 blok No:4DE \u00c7orlu \/ Tekirda\u011f \u2013 TURKEY<\/p><strong>WHATSAPP <\/strong>:   +90 532 655 91 81  <strong>TEL<\/strong>:+90 532 655 91 81<\/p>\n\n\n","protected":false},"excerpt":{"rendered":"<p>MEFE MAKINA M\u00dcHEND\u0130SL\u0130K SAN. VE T\u0130C. LTD. \u015eT\u0130Hatip Mah. Akasma sok. Via West 5 sanayi sitesi G3 blok No:4DE \u00c7orlu \/ Tekirda\u011f \u2013 TURKEY WHATSAPP : +90 532 655 91 81 TEL:+90 532 655 91 81<\/p>\n","protected":false},"author":1,"featured_media":0,"parent":15,"menu_order":0,"comment_status":"closed","ping_status":"closed","template":"","meta":{"_monsterinsights_skip_tracking":false,"_monsterinsights_sitenote_active":false,"_monsterinsights_sitenote_note":"","_monsterinsights_sitenote_category":0,"footnotes":""},"_links":{"self":[{"href":"https:\/\/www.mefe.com.tr\/tr\/wp-json\/wp\/v2\/pages\/4"}],"collection":[{"href":"https:\/\/www.mefe.com.tr\/tr\/wp-json\/wp\/v2\/pages"}],"about":[{"href":"https:\/\/www.mefe.com.tr\/tr\/wp-json\/wp\/v2\/types\/page"}],"author":[{"embeddable":true,"href":"https:\/\/www.mefe.com.tr\/tr\/wp-json\/wp\/v2\/users\/1"}],"replies":[{"embeddable":true,"href":"https:\/\/www.mefe.com.tr\/tr\/wp-json\/wp\/v2\/comments?post=4"}],"version-history":[{"count":30,"href":"https:\/\/www.mefe.com.tr\/tr\/wp-json\/wp\/v2\/pages\/4\/revisions"}],"predecessor-version":[{"id":470,"href":"https:\/\/www.mefe.com.tr\/tr\/wp-json\/wp\/v2\/pages\/4\/revisions\/470"}],"up":[{"embeddable":true,"href":"https:\/\/www.mefe.com.tr\/tr\/wp-json\/wp\/v2\/pages\/15"}],"wp:attachment":[{"href":"https:\/\/www.mefe.com.tr\/tr\/wp-json\/wp\/v2\/media?parent=4"}],"curies":[{"name":"wp","href":"https:\/\/api.w.org\/{rel}","templated":true}]}}